{"id":341,"date":"2021-09-03T16:41:22","date_gmt":"2021-09-03T14:41:22","guid":{"rendered":"https:\/\/tireking.de\/?page_id=341"},"modified":"2026-04-02T12:14:01","modified_gmt":"2026-04-02T10:14:01","slug":"impressum","status":"publish","type":"page","link":"https:\/\/tireking.de\/it\/impressum\/","title":{"rendered":"impronta"},"content":{"rendered":"<div data-elementor-type=\"wp-page\" data-elementor-id=\"341\" class=\"elementor elementor-341\" data-elementor-post-type=\"page\">\n\t\t\t\t\t\t<section class=\"elementor-section elementor-top-section elementor-element elementor-element-63f9ecc elementor-section-stretched elementor-section-boxed elementor-section-height-default elementor-section-height-default\" data-id=\"63f9ecc\" data-element_type=\"section\" data-settings=\"{&quot;stretch_section&quot;:&quot;section-stretched&quot;}\">\n\t\t\t\t\t\t<div class=\"elementor-container elementor-column-gap-default\">\n\t\t\t\t\t<div class=\"elementor-column elementor-col-100 elementor-top-column elementor-element elementor-element-0d979db\" data-id=\"0d979db\" data-element_type=\"column\">\n\t\t\t<div class=\"elementor-widget-wrap elementor-element-populated\">\n\t\t\t\t\t\t<div class=\"elementor-element elementor-element-d57e0b0 elementor-widget elementor-widget-text-editor\" data-id=\"d57e0b0\" data-element_type=\"widget\" data-widget_type=\"text-editor.default\">\n\t\t\t\t<div class=\"elementor-widget-container\">\n\t\t\t\t\t\t\t\t\t<p><span style=\"color: #ffffff;\"><b>Informazioni ai sensi del \u00a7 18 comma 1 lettera 2 Trattato sullo Stato dei media <\/b><\/span><\/p><div class=\"current markeddown hide-on-edit js-desc js-show-with-desc\" dir=\"auto\"><p dir=\"auto\"><span style=\"color: #ffffff;\">Officina automobilistica Tireking<\/span><\/p><p dir=\"auto\"><span style=\"color: #ffffff;\">Commercio all&#039;ingrosso di pneumatici e servizio pneumatici<\/span><\/p><p dir=\"auto\"><span style=\"color: #ffffff;\">Ibrahim Boztas<\/span><\/p><p dir=\"auto\"><span style=\"color: #ffffff;\">Longericher Strasse 235<\/span><\/p><p dir=\"auto\"><span style=\"color: #ffffff;\">50739 Foto stick di Colonia<\/span><\/p><p dir=\"auto\"><span style=\"color: #ffffff;\">Tel.: 0221 &#8211; 30502863<\/span><\/p><p dir=\"auto\"><span style=\"color: #ffffff;\">Orari di apertura:<\/span><\/p><p dir=\"auto\"><span style=\"color: #ffffff;\">Lun - Ven dalle 9:00 alle 18:00<\/span><\/p><p dir=\"auto\"><span style=\"color: #ffffff;\">Sabato dalle 9:00 alle 16:00<\/span><\/p><p dir=\"auto\"><span style=\"color: #ffffff;\">Proprietario: Ibrahim Boztas<\/span><\/p><p dir=\"auto\"><span style=\"color: #ffffff;\">Codice Fiscale: 218\/5025\/4865<\/span><\/p><p dir=\"auto\"><span style=\"color: #ffffff;\">Partita IVA: DE299340802<\/span><\/p><p dir=\"auto\"><span style=\"color: #ffffff;\"><a style=\"color: #ffffff;\" href=\"https:\/\/tireking.de\/it\/\" target=\"_blank\" rel=\"nofollow noopener noreferrer ugc\">www.tireking.de<\/a><\/span><\/p><p dir=\"auto\"><span style=\"color: #ffffff;\"><a style=\"color: #ffffff;\" href=\"mailto:info@tireking.de\">info@tireking.de<\/a><\/span><\/p><p dir=\"auto\">\u00a0<\/p><\/div><p><span style=\"color: #ffffff;\"><b>Disclaimer<\/b><\/span><\/p><p><span style=\"color: #ffffff;\"><b>Responsabilit\u00e0 per i link:<\/b><\/span><br \/><span style=\"color: #ffffff;\">La nostra offerta contiene collegamenti a siti web esterni di terzi, sul cui contenuto non abbiamo alcuna influenza. Pertanto non possiamo assumerci alcuna responsabilit\u00e0 per questi contenuti esterni. Per il contenuto delle pagine collegate \u00e8 sempre responsabile il rispettivo fornitore o gestore delle pagine. Al momento del collegamento le pagine collegate sono state controllate per eventuali violazioni legali. Il contenuto illegale non era riconoscibile al momento del collegamento. Tuttavia un controllo permanente del contenuto delle pagine collegate non \u00e8 ragionevole senza prove concrete di una violazione. Non appena verremo a conoscenza di violazioni legali, rimuoveremo immediatamente tali collegamenti.<\/span><\/p><p><span style=\"color: #ffffff;\"><b>Responsabilit\u00e0 per i contenuti:<\/b><\/span><br \/><span style=\"color: #ffffff;\">I contenuti delle nostre pagine sono stati creati con grande cura. Tuttavia, non possiamo garantire che il contenuto sia corretto, completo o aggiornato. In qualit\u00e0 di fornitore di servizi siamo responsabili dei nostri contenuti su queste pagine ai sensi del \u00a7 7 comma 1 della legge tedesca sui media telematici (TMG). Secondo \u00a7\u00a7 da 8 a 10 TMG, tuttavia, noi come fornitori di servizi non siamo obbligati a monitorare le informazioni di terzi trasmesse o memorizzate o a indagare su circostanze che indicano attivit\u00e0 illegali. Gli obblighi di rimuovere o bloccare l&#039;uso delle informazioni secondo le leggi generali rimangono inalterati. Tuttavia, una responsabilit\u00e0 in questo senso \u00e8 possibile solo a partire dal momento in cui si viene a conoscenza di una concreta violazione della legge. Non appena verremo a conoscenza di eventuali violazioni della legge, rimuoveremo immediatamente questo contenuto.<\/span><\/p><p><span style=\"color: #ffffff;\"><b>diritto d&#039;autore<\/b><\/span><br \/><span style=\"color: #ffffff;\">I contenuti e le opere create dai gestori del sito su queste pagine sono soggetti al diritto d&#039;autore tedesco. La duplicazione, la modifica, la distribuzione e qualsiasi tipo di sfruttamento al di fuori dei limiti del diritto d&#039;autore richiedono il consenso scritto del rispettivo autore o creatore. Download e copie di questo sito sono consentiti solo per uso privato e non commerciale. Se il contenuto di questo sito non \u00e8 stato creato dal gestore, vengono rispettati i diritti d&#039;autore di terzi. In particolare i contenuti di terzi sono contrassegnati come tali. Se tuttavia dovessi venire a conoscenza di una violazione del diritto d&#039;autore, ti chiediamo di informarci di conseguenza. Se venissimo a conoscenza di eventuali violazioni legali, rimuoveremo immediatamente tali contenuti.<\/span><\/p>\t\t\t\t\t\t\t\t<\/div>\n\t\t\t\t<\/div>\n\t\t\t\t\t<\/div>\n\t\t<\/div>\n\t\t\t\t\t<\/div>\n\t\t<\/section>\n\t\t\t\t<\/div>","protected":false},"excerpt":{"rendered":"<p>Angaben gem\u00e4\u00df \u00a7 18 Abs. 1 lit. 2 Medienstaatsvertrag KFZ Meisterbetrieb Tireking Reifengro\u00dfhandel und Reifenservice Ibrahim Boztas Longericher Strasse 235 50739 K\u00f6ln-Bilderst\u00f6ckchen Tel.: 0221 &#8211; 30502863 \u00d6ffnungszeiten: Mo &#8211; Fr von 9.00 &#8211; 18.00 Uhr Sa von 9.00 &#8211; 16.00 Uhr Inhaber: Ibrahim Boztas Steuernummer: 218\/5025\/4865 UStId: DE299340802 www.tireking.de info@tireking.de \u00a0 Haftungsausschluss Haftung f\u00fcr Links:Unser&hellip; <a class=\"more-link\" href=\"https:\/\/tireking.de\/it\/impressum\/\">Continua a leggere <span class=\"screen-reader-text\">impronta<\/span><\/a><\/p>","protected":false},"author":1,"featured_media":0,"parent":0,"menu_order":0,"comment_status":"closed","ping_status":"closed","template":"","meta":{"footnotes":""},"class_list":["post-341","page","type-page","status-publish","hentry","entry"],"yoast_head":"<!-- This site is optimized with the Yoast SEO plugin v25.2 - https:\/\/yoast.com\/wordpress\/plugins\/seo\/ -->\n<title>Impressum - Tireking<\/title>\n<meta name=\"robots\" content=\"index, follow, max-snippet:-1, max-image-preview:large, max-video-preview:-1\" \/>\n<link rel=\"canonical\" href=\"https:\/\/tireking.de\/it\/impressum\/\" \/>\n<meta property=\"og:locale\" content=\"it_IT\" \/>\n<meta property=\"og:type\" content=\"article\" \/>\n<meta property=\"og:title\" content=\"Impressum - Tireking\" \/>\n<meta property=\"og:description\" content=\"Angaben gem\u00e4\u00df \u00a7 18 Abs. 1 lit. 2 Medienstaatsvertrag KFZ Meisterbetrieb Tireking Reifengro\u00dfhandel und Reifenservice Ibrahim Boztas Longericher Strasse 235 50739 K\u00f6ln-Bilderst\u00f6ckchen Tel.: 0221 &#8211; 30502863 \u00d6ffnungszeiten: Mo &#8211; Fr von 9.00 &#8211; 18.00 Uhr Sa von 9.00 &#8211; 16.00 Uhr Inhaber: Ibrahim Boztas Steuernummer: 218\/5025\/4865 UStId: DE299340802 www.tireking.de info@tireking.de \u00a0 Haftungsausschluss Haftung f\u00fcr Links:Unser&hellip; Continua a leggere Impressum\" \/>\n<meta property=\"og:url\" content=\"https:\/\/tireking.de\/it\/impressum\/\" \/>\n<meta property=\"og:site_name\" content=\"Tireking\" \/>\n<meta property=\"article:modified_time\" content=\"2026-04-02T10:14:01+00:00\" \/>\n<meta name=\"twitter:card\" content=\"summary_large_image\" \/>\n<meta name=\"twitter:label1\" content=\"Tempo di lettura stimato\" \/>\n\t<meta name=\"twitter:data1\" content=\"2 minuti\" \/>\n<script type=\"application\/ld+json\" class=\"yoast-schema-graph\">{\"@context\":\"https:\/\/schema.org\",\"@graph\":[{\"@type\":\"WebPage\",\"@id\":\"https:\/\/tireking.de\/impressum\/\",\"url\":\"https:\/\/tireking.de\/impressum\/\",\"name\":\"Impressum - Tireking\",\"isPartOf\":{\"@id\":\"https:\/\/tireking.de\/#website\"},\"datePublished\":\"2021-09-03T14:41:22+00:00\",\"dateModified\":\"2026-04-02T10:14:01+00:00\",\"breadcrumb\":{\"@id\":\"https:\/\/tireking.de\/impressum\/#breadcrumb\"},\"inLanguage\":\"it-IT\",\"potentialAction\":[{\"@type\":\"ReadAction\",\"target\":[\"https:\/\/tireking.de\/impressum\/\"]}]},{\"@type\":\"BreadcrumbList\",\"@id\":\"https:\/\/tireking.de\/impressum\/#breadcrumb\",\"itemListElement\":[{\"@type\":\"ListItem\",\"position\":1,\"name\":\"Startseite\",\"item\":\"https:\/\/tireking.de\/\"},{\"@type\":\"ListItem\",\"position\":2,\"name\":\"Impressum\"}]},{\"@type\":\"WebSite\",\"@id\":\"https:\/\/tireking.de\/#website\",\"url\":\"https:\/\/tireking.de\/\",\"name\":\"Tireking\",\"description\":\"Neue und gebrauchte Reifen weltweit.\",\"publisher\":{\"@id\":\"https:\/\/tireking.de\/#organization\"},\"potentialAction\":[{\"@type\":\"SearchAction\",\"target\":{\"@type\":\"EntryPoint\",\"urlTemplate\":\"https:\/\/tireking.de\/?s={search_term_string}\"},\"query-input\":{\"@type\":\"PropertyValueSpecification\",\"valueRequired\":true,\"valueName\":\"search_term_string\"}}],\"inLanguage\":\"it-IT\"},{\"@type\":\"Organization\",\"@id\":\"https:\/\/tireking.de\/#organization\",\"name\":\"Tireking\",\"url\":\"https:\/\/tireking.de\/\",\"logo\":{\"@type\":\"ImageObject\",\"inLanguage\":\"it-IT\",\"@id\":\"https:\/\/tireking.de\/#\/schema\/logo\/image\/\",\"url\":\"https:\/\/tireking.de\/wp-content\/uploads\/2021\/08\/cropped-Tireking-Logo-PNG-1.png\",\"contentUrl\":\"https:\/\/tireking.de\/wp-content\/uploads\/2021\/08\/cropped-Tireking-Logo-PNG-1.png\",\"width\":512,\"height\":512,\"caption\":\"Tireking\"},\"image\":{\"@id\":\"https:\/\/tireking.de\/#\/schema\/logo\/image\/\"}}]}<\/script>\n<!-- \/ Yoast SEO plugin. -->","yoast_head_json":{"title":"Impressum - Tireking","robots":{"index":"index","follow":"follow","max-snippet":"max-snippet:-1","max-image-preview":"max-image-preview:large","max-video-preview":"max-video-preview:-1"},"canonical":"https:\/\/tireking.de\/it\/impressum\/","og_locale":"it_IT","og_type":"article","og_title":"Impressum - Tireking","og_description":"Angaben gem\u00e4\u00df \u00a7 18 Abs. 1 lit. 2 Medienstaatsvertrag KFZ Meisterbetrieb Tireking Reifengro\u00dfhandel und Reifenservice Ibrahim Boztas Longericher Strasse 235 50739 K\u00f6ln-Bilderst\u00f6ckchen Tel.: 0221 &#8211; 30502863 \u00d6ffnungszeiten: Mo &#8211; Fr von 9.00 &#8211; 18.00 Uhr Sa von 9.00 &#8211; 16.00 Uhr Inhaber: Ibrahim Boztas Steuernummer: 218\/5025\/4865 UStId: DE299340802 www.tireking.de info@tireking.de \u00a0 Haftungsausschluss Haftung f\u00fcr Links:Unser&hellip; Continua a leggere Impressum","og_url":"https:\/\/tireking.de\/it\/impressum\/","og_site_name":"Tireking","article_modified_time":"2026-04-02T10:14:01+00:00","twitter_card":"summary_large_image","twitter_misc":{"Tempo di lettura stimato":"2 minuti"},"schema":{"@context":"https:\/\/schema.org","@graph":[{"@type":"WebPage","@id":"https:\/\/tireking.de\/impressum\/","url":"https:\/\/tireking.de\/impressum\/","name":"Impressum - Tireking","isPartOf":{"@id":"https:\/\/tireking.de\/#website"},"datePublished":"2021-09-03T14:41:22+00:00","dateModified":"2026-04-02T10:14:01+00:00","breadcrumb":{"@id":"https:\/\/tireking.de\/impressum\/#breadcrumb"},"inLanguage":"it-IT","potentialAction":[{"@type":"ReadAction","target":["https:\/\/tireking.de\/impressum\/"]}]},{"@type":"BreadcrumbList","@id":"https:\/\/tireking.de\/impressum\/#breadcrumb","itemListElement":[{"@type":"ListItem","position":1,"name":"Startseite","item":"https:\/\/tireking.de\/"},{"@type":"ListItem","position":2,"name":"Impressum"}]},{"@type":"WebSite","@id":"https:\/\/tireking.de\/#website","url":"https:\/\/tireking.de\/","name":"Tireking","description":"Neue und gebrauchte Reifen weltweit.","publisher":{"@id":"https:\/\/tireking.de\/#organization"},"potentialAction":[{"@type":"SearchAction","target":{"@type":"EntryPoint","urlTemplate":"https:\/\/tireking.de\/?s={search_term_string}"},"query-input":{"@type":"PropertyValueSpecification","valueRequired":true,"valueName":"search_term_string"}}],"inLanguage":"it-IT"},{"@type":"Organization","@id":"https:\/\/tireking.de\/#organization","name":"Tireking","url":"https:\/\/tireking.de\/","logo":{"@type":"ImageObject","inLanguage":"it-IT","@id":"https:\/\/tireking.de\/#\/schema\/logo\/image\/","url":"https:\/\/tireking.de\/wp-content\/uploads\/2021\/08\/cropped-Tireking-Logo-PNG-1.png","contentUrl":"https:\/\/tireking.de\/wp-content\/uploads\/2021\/08\/cropped-Tireking-Logo-PNG-1.png","width":512,"height":512,"caption":"Tireking"},"image":{"@id":"https:\/\/tireking.de\/#\/schema\/logo\/image\/"}}]}},"jetpack_sharing_enabled":true,"_links":{"self":[{"href":"https:\/\/tireking.de\/it\/wp-json\/wp\/v2\/pages\/341","targetHints":{"allow":["GET"]}}],"collection":[{"href":"https:\/\/tireking.de\/it\/wp-json\/wp\/v2\/pages"}],"about":[{"href":"https:\/\/tireking.de\/it\/wp-json\/wp\/v2\/types\/page"}],"author":[{"embeddable":true,"href":"https:\/\/tireking.de\/it\/wp-json\/wp\/v2\/users\/1"}],"replies":[{"embeddable":true,"href":"https:\/\/tireking.de\/it\/wp-json\/wp\/v2\/comments?post=341"}],"version-history":[{"count":13,"href":"https:\/\/tireking.de\/it\/wp-json\/wp\/v2\/pages\/341\/revisions"}],"predecessor-version":[{"id":584,"href":"https:\/\/tireking.de\/it\/wp-json\/wp\/v2\/pages\/341\/revisions\/584"}],"wp:attachment":[{"href":"https:\/\/tireking.de\/it\/wp-json\/wp\/v2\/media?parent=341"}],"curies":[{"name":"wp","href":"https:\/\/api.w.org\/{rel}","templated":true}]}}