{"id":341,"date":"2021-09-03T16:41:22","date_gmt":"2021-09-03T14:41:22","guid":{"rendered":"https:\/\/tireking.de\/?page_id=341"},"modified":"2026-04-27T05:54:26","modified_gmt":"2026-04-27T03:54:26","slug":"impressum","status":"publish","type":"page","link":"https:\/\/tireking.de\/fr\/impressum\/","title":{"rendered":"imprimer"},"content":{"rendered":"<div data-elementor-type=\"wp-page\" data-elementor-id=\"341\" class=\"elementor elementor-341\" data-elementor-post-type=\"page\">\n\t\t\t\t\t\t<section class=\"elementor-section elementor-top-section elementor-element elementor-element-63f9ecc elementor-section-stretched elementor-section-boxed elementor-section-height-default elementor-section-height-default\" data-id=\"63f9ecc\" data-element_type=\"section\" data-settings=\"{&quot;stretch_section&quot;:&quot;section-stretched&quot;}\">\n\t\t\t\t\t\t<div class=\"elementor-container elementor-column-gap-default\">\n\t\t\t\t\t<div class=\"elementor-column elementor-col-100 elementor-top-column elementor-element elementor-element-0d979db\" data-id=\"0d979db\" data-element_type=\"column\">\n\t\t\t<div class=\"elementor-widget-wrap elementor-element-populated\">\n\t\t\t\t\t\t<div class=\"elementor-element elementor-element-d57e0b0 elementor-widget elementor-widget-text-editor\" data-id=\"d57e0b0\" data-element_type=\"widget\" data-widget_type=\"text-editor.default\">\n\t\t\t\t<div class=\"elementor-widget-container\">\n\t\t\t\t\t\t\t\t\t<p><span style=\"color: #ffffff;\"><b>Informations conform\u00e9ment au \u00a7 18, paragraphe 1, point 2, trait\u00e9 d&#039;\u00c9tat sur les m\u00e9dias <\/b><\/span><\/p><div class=\"current markeddown hide-on-edit js-desc js-show-with-desc\" dir=\"auto\"><p dir=\"auto\"><span style=\"color: #ffffff;\">IBO TIREKING RECYCLING GMBH Longericher Strasse 231 50739 K\u00f6ln-Bilderst\u00f6ckchen<\/span><\/p><p dir=\"auto\"><span style=\"color: #ffffff;\">Tel.: 0221 &#8211; 30502863<\/span><\/p><p dir=\"auto\"><span style=\"color: #ffffff;\">Horaires d&#039;ouvertures:<\/span><\/p><p dir=\"auto\"><span style=\"color: #ffffff;\">Du lundi au vendredi de 9h00 \u00e0 18h00<\/span><\/p><p dir=\"auto\"><span style=\"color: #ffffff;\">Sam de 9h \u00e0 16h<\/span><\/p><p dir=\"auto\"><span style=\"color: #ffffff;\">Propri\u00e9taire : Ibrahim Boztas<\/span><\/p><p dir=\"auto\"><span style=\"color: #ffffff;\">Num\u00e9ro fiscal : 218\/5025\/4865<\/span><\/p><p dir=\"auto\"><span style=\"color: #ffffff;\">Num\u00e9ro de TVA : DE299340802<\/span><\/p><p dir=\"auto\"><span style=\"color: #ffffff;\"><a style=\"color: #ffffff;\" href=\"https:\/\/tireking.de\/fr\/\" target=\"_blank\" rel=\"nofollow noopener noreferrer ugc\">www.tireking.de<\/a><\/span><\/p><p dir=\"auto\"><span style=\"color: #ffffff;\"><a style=\"color: #ffffff;\" href=\"mailto:info@tireking.de\">info@tireking.de<\/a><\/span><\/p><p dir=\"auto\">\u00a0<\/p><\/div><p><span style=\"color: #ffffff;\"><b>Clause de non-responsabilit\u00e9<\/b><\/span><\/p><p><span style=\"color: #ffffff;\"><b>Responsabilit\u00e9 pour les liens\u00a0:<\/b><\/span><br \/><span style=\"color: #ffffff;\">Notre offre contient des liens vers des sites Web externes de tiers, sur lesquels nous n&#039;avons aucune influence. Par cons\u00e9quent, nous ne pouvons assumer aucune responsabilit\u00e9 pour ce contenu externe. Le fournisseur ou l&#039;exploitant respectif des pages est toujours responsable du contenu des pages li\u00e9es. Les pages li\u00e9es ont \u00e9t\u00e9 v\u00e9rifi\u00e9es pour d&#039;\u00e9ventuelles violations de la loi au moment de la liaison. Le contenu ill\u00e9gal n&#039;\u00e9tait pas reconnaissable au moment de la cr\u00e9ation du lien. Cependant, un contr\u00f4le permanent du contenu des pages li\u00e9es n&#039;est pas raisonnable sans preuves concr\u00e8tes d&#039;une infraction. D\u00e8s que nous aurons connaissance de violations l\u00e9gales, nous supprimerons imm\u00e9diatement ces liens.<\/span><\/p><p><span style=\"color: #ffffff;\"><b>Responsabilit\u00e9 du contenu\u00a0:<\/b><\/span><br \/><span style=\"color: #ffffff;\">Le contenu de nos pages a \u00e9t\u00e9 cr\u00e9\u00e9 avec le plus grand soin. Cependant, nous ne pouvons pas garantir que le contenu est correct, complet ou \u00e0 jour. En tant que prestataire de services, nous sommes responsables de nos propres contenus sur ces pages conform\u00e9ment \u00e0 l&#039;article 7, paragraphe 1 de la loi allemande sur les t\u00e9l\u00e9m\u00e9dias (TMG). Conform\u00e9ment aux \u00a7\u00a7 8 \u00e0 10 TMG, nous ne sommes toutefois pas tenus, en tant que prestataire de services, de surveiller les informations transmises ou stock\u00e9es par des tiers ou d&#039;enqu\u00eater sur les circonstances qui indiquent une activit\u00e9 ill\u00e9gale. Les obligations de supprimer ou de bloquer l&#039;utilisation des informations conform\u00e9ment aux lois g\u00e9n\u00e9rales restent inchang\u00e9es. Toutefois, la responsabilit\u00e9 \u00e0 cet \u00e9gard n&#039;est possible qu&#039;\u00e0 partir du moment o\u00f9 la connaissance d&#039;une infraction concr\u00e8te \u00e0 la loi est connue. D\u00e8s que nous prendrons connaissance de toute violation de la loi, nous supprimerons imm\u00e9diatement ce contenu.<\/span><\/p><p><span style=\"color: #ffffff;\"><b>droits d&#039;auteur<\/b><\/span><br \/><span style=\"color: #ffffff;\">Le contenu et les travaux sur ces pages cr\u00e9\u00e9s par les exploitants du site sont soumis \u00e0 la loi allemande sur le droit d&#039;auteur. La duplication, l&#039;\u00e9dition, la distribution et tout type d&#039;exploitation en dehors des limites du droit d&#039;auteur n\u00e9cessitent le consentement \u00e9crit de l&#039;auteur ou du cr\u00e9ateur respectif. Les t\u00e9l\u00e9chargements et copies de ce site ne sont autoris\u00e9s que pour un usage priv\u00e9 et non commercial. Dans la mesure o\u00f9 le contenu de ce site n&#039;a pas \u00e9t\u00e9 cr\u00e9\u00e9 par l&#039;exploitant, les droits d&#039;auteur de tiers sont respect\u00e9s. En particulier, les contenus de tiers sont signal\u00e9s comme tels. Si vous avez n\u00e9anmoins connaissance d&#039;une violation du droit d&#039;auteur, nous vous demandons de nous en informer en cons\u00e9quence. D\u00e8s que nous aurons connaissance de violations l\u00e9gales, nous supprimerons imm\u00e9diatement ce contenu.<\/span><\/p>\t\t\t\t\t\t\t\t<\/div>\n\t\t\t\t<\/div>\n\t\t\t\t\t<\/div>\n\t\t<\/div>\n\t\t\t\t\t<\/div>\n\t\t<\/section>\n\t\t\t\t<\/div>","protected":false},"excerpt":{"rendered":"<p>Angaben gem\u00e4\u00df \u00a7 18 Abs. 1 lit. 2 Medienstaatsvertrag IBO TIREKING RECYCLING GMBH Longericher Strasse 231 50739 K\u00f6ln-Bilderst\u00f6ckchen Tel.: 0221 &#8211; 30502863 \u00d6ffnungszeiten: Mo &#8211; Fr von 9.00 &#8211; 18.00 Uhr Sa von 9.00 &#8211; 16.00 Uhr Inhaber: Ibrahim Boztas Steuernummer: 218\/5025\/4865 UStId: DE299340802 www.tireking.de info@tireking.de \u00a0 Haftungsausschluss Haftung f\u00fcr Links:Unser Angebot enth\u00e4lt Links zu&hellip; <a class=\"more-link\" href=\"https:\/\/tireking.de\/fr\/impressum\/\">Poursuivre la lecture <span class=\"screen-reader-text\">imprimer<\/span><\/a><\/p>","protected":false},"author":1,"featured_media":0,"parent":0,"menu_order":0,"comment_status":"closed","ping_status":"closed","template":"","meta":{"_joinchat":[],"footnotes":""},"class_list":["post-341","page","type-page","status-publish","hentry","entry"],"yoast_head":"<!-- This site is optimized with the Yoast SEO plugin v25.2 - https:\/\/yoast.com\/wordpress\/plugins\/seo\/ -->\n<title>Impressum - Tireking<\/title>\n<meta name=\"robots\" content=\"index, follow, max-snippet:-1, max-image-preview:large, max-video-preview:-1\" \/>\n<link rel=\"canonical\" href=\"https:\/\/tireking.de\/fr\/impressum\/\" \/>\n<meta property=\"og:locale\" content=\"fr_FR\" \/>\n<meta property=\"og:type\" content=\"article\" \/>\n<meta property=\"og:title\" content=\"Impressum - Tireking\" \/>\n<meta property=\"og:description\" content=\"Angaben gem\u00e4\u00df \u00a7 18 Abs. 1 lit. 2 Medienstaatsvertrag IBO TIREKING RECYCLING GMBH Longericher Strasse 231 50739 K\u00f6ln-Bilderst\u00f6ckchen Tel.: 0221 &#8211; 30502863 \u00d6ffnungszeiten: Mo &#8211; Fr von 9.00 &#8211; 18.00 Uhr Sa von 9.00 &#8211; 16.00 Uhr Inhaber: Ibrahim Boztas Steuernummer: 218\/5025\/4865 UStId: DE299340802 www.tireking.de info@tireking.de \u00a0 Haftungsausschluss Haftung f\u00fcr Links:Unser Angebot enth\u00e4lt Links zu&hellip; Poursuivre la lecture Impressum\" \/>\n<meta property=\"og:url\" content=\"https:\/\/tireking.de\/fr\/impressum\/\" \/>\n<meta property=\"og:site_name\" content=\"Tireking\" \/>\n<meta property=\"article:modified_time\" content=\"2026-04-27T03:54:26+00:00\" \/>\n<meta name=\"twitter:card\" content=\"summary_large_image\" \/>\n<meta name=\"twitter:label1\" content=\"Dur\u00e9e de lecture estim\u00e9e\" \/>\n\t<meta name=\"twitter:data1\" content=\"2 minutes\" \/>\n<script type=\"application\/ld+json\" class=\"yoast-schema-graph\">{\"@context\":\"https:\/\/schema.org\",\"@graph\":[{\"@type\":\"WebPage\",\"@id\":\"https:\/\/tireking.de\/impressum\/\",\"url\":\"https:\/\/tireking.de\/impressum\/\",\"name\":\"Impressum - Tireking\",\"isPartOf\":{\"@id\":\"https:\/\/tireking.de\/#website\"},\"datePublished\":\"2021-09-03T14:41:22+00:00\",\"dateModified\":\"2026-04-27T03:54:26+00:00\",\"breadcrumb\":{\"@id\":\"https:\/\/tireking.de\/impressum\/#breadcrumb\"},\"inLanguage\":\"fr-FR\",\"potentialAction\":[{\"@type\":\"ReadAction\",\"target\":[\"https:\/\/tireking.de\/impressum\/\"]}]},{\"@type\":\"BreadcrumbList\",\"@id\":\"https:\/\/tireking.de\/impressum\/#breadcrumb\",\"itemListElement\":[{\"@type\":\"ListItem\",\"position\":1,\"name\":\"Startseite\",\"item\":\"https:\/\/tireking.de\/\"},{\"@type\":\"ListItem\",\"position\":2,\"name\":\"Impressum\"}]},{\"@type\":\"WebSite\",\"@id\":\"https:\/\/tireking.de\/#website\",\"url\":\"https:\/\/tireking.de\/\",\"name\":\"Tireking\",\"description\":\"Neue und gebrauchte Reifen weltweit.\",\"publisher\":{\"@id\":\"https:\/\/tireking.de\/#organization\"},\"potentialAction\":[{\"@type\":\"SearchAction\",\"target\":{\"@type\":\"EntryPoint\",\"urlTemplate\":\"https:\/\/tireking.de\/?s={search_term_string}\"},\"query-input\":{\"@type\":\"PropertyValueSpecification\",\"valueRequired\":true,\"valueName\":\"search_term_string\"}}],\"inLanguage\":\"fr-FR\"},{\"@type\":\"Organization\",\"@id\":\"https:\/\/tireking.de\/#organization\",\"name\":\"Tireking\",\"url\":\"https:\/\/tireking.de\/\",\"logo\":{\"@type\":\"ImageObject\",\"inLanguage\":\"fr-FR\",\"@id\":\"https:\/\/tireking.de\/#\/schema\/logo\/image\/\",\"url\":\"https:\/\/tireking.de\/wp-content\/uploads\/2021\/08\/cropped-Tireking-Logo-PNG-1.png\",\"contentUrl\":\"https:\/\/tireking.de\/wp-content\/uploads\/2021\/08\/cropped-Tireking-Logo-PNG-1.png\",\"width\":512,\"height\":512,\"caption\":\"Tireking\"},\"image\":{\"@id\":\"https:\/\/tireking.de\/#\/schema\/logo\/image\/\"}}]}<\/script>\n<!-- \/ Yoast SEO plugin. -->","yoast_head_json":{"title":"Impressum - Tireking","robots":{"index":"index","follow":"follow","max-snippet":"max-snippet:-1","max-image-preview":"max-image-preview:large","max-video-preview":"max-video-preview:-1"},"canonical":"https:\/\/tireking.de\/fr\/impressum\/","og_locale":"fr_FR","og_type":"article","og_title":"Impressum - Tireking","og_description":"Angaben gem\u00e4\u00df \u00a7 18 Abs. 1 lit. 2 Medienstaatsvertrag IBO TIREKING RECYCLING GMBH Longericher Strasse 231 50739 K\u00f6ln-Bilderst\u00f6ckchen Tel.: 0221 &#8211; 30502863 \u00d6ffnungszeiten: Mo &#8211; Fr von 9.00 &#8211; 18.00 Uhr Sa von 9.00 &#8211; 16.00 Uhr Inhaber: Ibrahim Boztas Steuernummer: 218\/5025\/4865 UStId: DE299340802 www.tireking.de info@tireking.de \u00a0 Haftungsausschluss Haftung f\u00fcr Links:Unser Angebot enth\u00e4lt Links zu&hellip; Poursuivre la lecture Impressum","og_url":"https:\/\/tireking.de\/fr\/impressum\/","og_site_name":"Tireking","article_modified_time":"2026-04-27T03:54:26+00:00","twitter_card":"summary_large_image","twitter_misc":{"Dur\u00e9e de lecture estim\u00e9e":"2 minutes"},"schema":{"@context":"https:\/\/schema.org","@graph":[{"@type":"WebPage","@id":"https:\/\/tireking.de\/impressum\/","url":"https:\/\/tireking.de\/impressum\/","name":"Impressum - Tireking","isPartOf":{"@id":"https:\/\/tireking.de\/#website"},"datePublished":"2021-09-03T14:41:22+00:00","dateModified":"2026-04-27T03:54:26+00:00","breadcrumb":{"@id":"https:\/\/tireking.de\/impressum\/#breadcrumb"},"inLanguage":"fr-FR","potentialAction":[{"@type":"ReadAction","target":["https:\/\/tireking.de\/impressum\/"]}]},{"@type":"BreadcrumbList","@id":"https:\/\/tireking.de\/impressum\/#breadcrumb","itemListElement":[{"@type":"ListItem","position":1,"name":"Startseite","item":"https:\/\/tireking.de\/"},{"@type":"ListItem","position":2,"name":"Impressum"}]},{"@type":"WebSite","@id":"https:\/\/tireking.de\/#website","url":"https:\/\/tireking.de\/","name":"Tireking","description":"Neue und gebrauchte Reifen weltweit.","publisher":{"@id":"https:\/\/tireking.de\/#organization"},"potentialAction":[{"@type":"SearchAction","target":{"@type":"EntryPoint","urlTemplate":"https:\/\/tireking.de\/?s={search_term_string}"},"query-input":{"@type":"PropertyValueSpecification","valueRequired":true,"valueName":"search_term_string"}}],"inLanguage":"fr-FR"},{"@type":"Organization","@id":"https:\/\/tireking.de\/#organization","name":"Tireking","url":"https:\/\/tireking.de\/","logo":{"@type":"ImageObject","inLanguage":"fr-FR","@id":"https:\/\/tireking.de\/#\/schema\/logo\/image\/","url":"https:\/\/tireking.de\/wp-content\/uploads\/2021\/08\/cropped-Tireking-Logo-PNG-1.png","contentUrl":"https:\/\/tireking.de\/wp-content\/uploads\/2021\/08\/cropped-Tireking-Logo-PNG-1.png","width":512,"height":512,"caption":"Tireking"},"image":{"@id":"https:\/\/tireking.de\/#\/schema\/logo\/image\/"}}]}},"jetpack_sharing_enabled":true,"_links":{"self":[{"href":"https:\/\/tireking.de\/fr\/wp-json\/wp\/v2\/pages\/341","targetHints":{"allow":["GET"]}}],"collection":[{"href":"https:\/\/tireking.de\/fr\/wp-json\/wp\/v2\/pages"}],"about":[{"href":"https:\/\/tireking.de\/fr\/wp-json\/wp\/v2\/types\/page"}],"author":[{"embeddable":true,"href":"https:\/\/tireking.de\/fr\/wp-json\/wp\/v2\/users\/1"}],"replies":[{"embeddable":true,"href":"https:\/\/tireking.de\/fr\/wp-json\/wp\/v2\/comments?post=341"}],"version-history":[{"count":16,"href":"https:\/\/tireking.de\/fr\/wp-json\/wp\/v2\/pages\/341\/revisions"}],"predecessor-version":[{"id":624,"href":"https:\/\/tireking.de\/fr\/wp-json\/wp\/v2\/pages\/341\/revisions\/624"}],"wp:attachment":[{"href":"https:\/\/tireking.de\/fr\/wp-json\/wp\/v2\/media?parent=341"}],"curies":[{"name":"wp","href":"https:\/\/api.w.org\/{rel}","templated":true}]}}